{"id":68,"date":"2024-10-08T11:36:55","date_gmt":"2024-10-08T09:36:55","guid":{"rendered":"https:\/\/www.cdrba.sk\/?page_id=68"},"modified":"2026-03-26T15:43:35","modified_gmt":"2026-03-26T14:43:35","slug":"program-centra","status":"publish","type":"page","link":"https:\/\/www.cdrba.sk\/?page_id=68","title":{"rendered":"Program centra"},"content":{"rendered":"\n<p>Aktu\u00e1lne platn\u00fd program centra si m\u00f4\u017eete prezrie\u0165 alebo stiahnu\u0165 ni\u017e\u0161ie:<\/p>\n\n\n\n<div data-wp-interactive=\"core\/file\" class=\"wp-block-file\" style=\"margin-top:var(--wp--preset--spacing--medium);margin-bottom:var(--wp--preset--spacing--medium);padding-top:0;padding-bottom:0\"><object data-wp-bind--hidden=\"!state.hasPdfPreview\"  class=\"wp-block-file__embed\" data=\"https:\/\/www.cdrba.sk\/wp-content\/uploads\/2026\/03\/ProgramCDRUcitelska1.3.2026.pdf\" type=\"application\/pdf\" style=\"width:100%;height:600px\" aria-label=\"Vlo\u017ei\u0165 ProgramCDRUcitelska1.3.2026.\"><\/object><a id=\"wp-block-file--media-38c0e681-cd95-44f0-898a-30c50c3b93f0\" href=\"https:\/\/www.cdrba.sk\/wp-content\/uploads\/2026\/03\/ProgramCDRUcitelska1.3.2026.pdf\" target=\"_blank\" rel=\"noreferrer noopener\">ProgramCDRUcitelska1.3.2026<\/a><a href=\"https:\/\/www.cdrba.sk\/wp-content\/uploads\/2026\/03\/ProgramCDRUcitelska1.3.2026.pdf\" class=\"wp-block-file__button wp-element-button\" download aria-describedby=\"wp-block-file--media-38c0e681-cd95-44f0-898a-30c50c3b93f0\">Stiahnu\u0165<\/a><\/div>\n\n\n\n<p><\/p>\n","protected":false},"excerpt":{"rendered":"<p>Aktu\u00e1lne platn\u00fd program centra si m\u00f4\u017eete prezrie\u0165 alebo stiahnu\u0165 ni\u017e\u0161ie:<\/p>\n","protected":false},"author":1,"featured_media":0,"parent":0,"menu_order":0,"comment_status":"closed","ping_status":"closed","template":"","meta":{"footnotes":""},"class_list":["post-68","page","type-page","status-publish","hentry"],"_links":{"self":[{"href":"https:\/\/www.cdrba.sk\/index.php?rest_route=\/wp\/v2\/pages\/68"}],"collection":[{"href":"https:\/\/www.cdrba.sk\/index.php?rest_route=\/wp\/v2\/pages"}],"about":[{"href":"https:\/\/www.cdrba.sk\/index.php?rest_route=\/wp\/v2\/types\/page"}],"author":[{"embeddable":true,"href":"https:\/\/www.cdrba.sk\/index.php?rest_route=\/wp\/v2\/users\/1"}],"replies":[{"embeddable":true,"href":"https:\/\/www.cdrba.sk\/index.php?rest_route=%2Fwp%2Fv2%2Fcomments&post=68"}],"version-history":[{"count":5,"href":"https:\/\/www.cdrba.sk\/index.php?rest_route=\/wp\/v2\/pages\/68\/revisions"}],"predecessor-version":[{"id":283,"href":"https:\/\/www.cdrba.sk\/index.php?rest_route=\/wp\/v2\/pages\/68\/revisions\/283"}],"wp:attachment":[{"href":"https:\/\/www.cdrba.sk\/index.php?rest_route=%2Fwp%2Fv2%2Fmedia&parent=68"}],"curies":[{"name":"wp","href":"https:\/\/api.w.org\/{rel}","templated":true}]}}