{"id":66,"date":"2024-10-08T11:36:19","date_gmt":"2024-10-08T09:36:19","guid":{"rendered":"https:\/\/www.cdrba.sk\/?page_id=66"},"modified":"2025-09-09T11:17:17","modified_gmt":"2025-09-09T09:17:17","slug":"sponzori","status":"publish","type":"page","link":"https:\/\/www.cdrba.sk\/?page_id=66","title":{"rendered":"Pom\u00e1haj\u00fa n\u00e1m"},"content":{"rendered":"\n<p>Ak m\u00e1te z\u00e1ujem podpori\u0165 na\u0161u \u010dinnos\u0165, \u010fakujeme vopred. Budeme radi, ak sa najprv ozvete a spolu preberieme, \u010do naozaj potrebujeme a ako n\u00e1m viete pom\u00f4c\u0165.<\/p>\n\n\n\n<p style=\"padding-top:var(--wp--preset--spacing--small);padding-bottom:var(--wp--preset--spacing--small)\">\u010eakujeme.<\/p>\n\n\n\n<p style=\"padding-top:var(--wp--preset--spacing--small);padding-bottom:var(--wp--preset--spacing--small)\">K na\u0161im doteraj\u0161\u00edm sponzorom patria aj:<\/p>\n\n\n\n<div class=\"wp-block-group has-global-padding is-layout-constrained wp-container-core-group-is-layout-1 wp-block-group-is-layout-constrained\" style=\"padding-top:0;padding-bottom:0\">\n<p style=\"padding-top:var(--wp--preset--spacing--small);padding-bottom:var(--wp--preset--spacing--small)\">DELL s.r.o.<\/p>\n\n\n\n<p style=\"padding-top:var(--wp--preset--spacing--small);padding-bottom:var(--wp--preset--spacing--small)\"> Tatra banka, a.s.<\/p>\n\n\n\n<p style=\"padding-top:var(--wp--preset--spacing--small);padding-bottom:var(--wp--preset--spacing--small)\"> dlhoro\u010dn\u00e1 spolupr\u00e1ca s Domovom d\u00f4chodcov pri Kr\u00ed\u017ei dobrovo\u013en\u00edcke aktivity det\u00ed,<\/p>\n\n\n\n<p style=\"padding-top:var(--wp--preset--spacing--small);padding-bottom:var(--wp--preset--spacing--small)\">\u00fa\u010das\u0165 na podujatiach organizovan\u00fdch Miestnym \u00faradom Podunajsk\u00e9 Biskupice ako aj organizovanie Viano\u010dn\u00fdch \u017eelan\u00ed pre na\u0161e deti v&nbsp;spolupr\u00e1ci s&nbsp;p. starostom Lamo\u0161om, <\/p>\n\n\n\n<p style=\"padding-top:var(--wp--preset--spacing--small);padding-bottom:var(--wp--preset--spacing--small)\">Kaufland Slovensk\u00e1 republika v.o.s.,<\/p>\n\n\n\n<p style=\"padding-top:var(--wp--preset--spacing--small);padding-bottom:var(--wp--preset--spacing--small)\"><\/p>\n\n\n\n<figure class=\"wp-block-image size-full\"><a href=\"https:\/\/tvojbuddy.sk\/\"><img decoding=\"async\" width=\"1000\" height=\"300\" src=\"https:\/\/www.cdrba.sk\/wp-content\/uploads\/2025\/09\/buddy-wide-2.jpg\" alt=\"Up\u00fatavka na pripojenie sa k programu Buddy\" class=\"wp-image-251\" srcset=\"https:\/\/www.cdrba.sk\/wp-content\/uploads\/2025\/09\/buddy-wide-2.jpg 1000w, https:\/\/www.cdrba.sk\/wp-content\/uploads\/2025\/09\/buddy-wide-2-300x90.jpg 300w, https:\/\/www.cdrba.sk\/wp-content\/uploads\/2025\/09\/buddy-wide-2-768x230.jpg 768w\" sizes=\"(max-width: 1000px) 100vw, 1000px\" \/><\/a><\/figure>\n<\/div>\n","protected":false},"excerpt":{"rendered":"<p>Ak m\u00e1te z\u00e1ujem podpori\u0165 na\u0161u \u010dinnos\u0165, \u010fakujeme vopred. Budeme radi, ak sa najprv ozvete a spolu preberieme, \u010do naozaj potrebujeme a ako n\u00e1m viete pom\u00f4c\u0165. \u010eakujeme. K na\u0161im doteraj\u0161\u00edm sponzorom patria aj: DELL s.r.o. Tatra banka, a.s. dlhoro\u010dn\u00e1 spolupr\u00e1ca s Domovom d\u00f4chodcov pri Kr\u00ed\u017ei dobrovo\u013en\u00edcke aktivity det\u00ed, \u00fa\u010das\u0165 na podujatiach organizovan\u00fdch Miestnym \u00faradom Podunajsk\u00e9 Biskupice [&hellip;]<\/p>\n","protected":false},"author":1,"featured_media":150,"parent":0,"menu_order":0,"comment_status":"closed","ping_status":"closed","template":"","meta":{"footnotes":""},"class_list":["post-66","page","type-page","status-publish","has-post-thumbnail","hentry"],"_links":{"self":[{"href":"https:\/\/www.cdrba.sk\/index.php?rest_route=\/wp\/v2\/pages\/66"}],"collection":[{"href":"https:\/\/www.cdrba.sk\/index.php?rest_route=\/wp\/v2\/pages"}],"about":[{"href":"https:\/\/www.cdrba.sk\/index.php?rest_route=\/wp\/v2\/types\/page"}],"author":[{"embeddable":true,"href":"https:\/\/www.cdrba.sk\/index.php?rest_route=\/wp\/v2\/users\/1"}],"replies":[{"embeddable":true,"href":"https:\/\/www.cdrba.sk\/index.php?rest_route=%2Fwp%2Fv2%2Fcomments&post=66"}],"version-history":[{"count":6,"href":"https:\/\/www.cdrba.sk\/index.php?rest_route=\/wp\/v2\/pages\/66\/revisions"}],"predecessor-version":[{"id":255,"href":"https:\/\/www.cdrba.sk\/index.php?rest_route=\/wp\/v2\/pages\/66\/revisions\/255"}],"wp:featuredmedia":[{"embeddable":true,"href":"https:\/\/www.cdrba.sk\/index.php?rest_route=\/wp\/v2\/media\/150"}],"wp:attachment":[{"href":"https:\/\/www.cdrba.sk\/index.php?rest_route=%2Fwp%2Fv2%2Fmedia&parent=66"}],"curies":[{"name":"wp","href":"https:\/\/api.w.org\/{rel}","templated":true}]}}