{"id":62,"date":"2024-10-08T11:35:21","date_gmt":"2024-10-08T09:35:21","guid":{"rendered":"https:\/\/www.cdrba.sk\/?page_id=62"},"modified":"2025-10-07T13:07:06","modified_gmt":"2025-10-07T11:07:06","slug":"vyrocne-spravy","status":"publish","type":"page","link":"https:\/\/www.cdrba.sk\/?page_id=62","title":{"rendered":"V\u00fdro\u010dn\u00e9 spr\u00e1vy"},"content":{"rendered":"\n<p>Arch\u00edv v\u00fdro\u010dn\u00fdch spr\u00e1v na stiahnutie:<\/p>\n\n\n\n<div data-wp-interactive=\"core\/file\" class=\"wp-block-file\" style=\"padding-top:var(--wp--preset--spacing--medium);padding-bottom:var(--wp--preset--spacing--medium)\"><object data-wp-bind--hidden=\"!state.hasPdfPreview\"  class=\"wp-block-file__embed\" data=\"https:\/\/www.cdrba.sk\/wp-content\/uploads\/2025\/10\/Vyrocna-sprava-2024.pdf\" type=\"application\/pdf\" style=\"width:100%;height:600px\" aria-label=\"Vlo\u017ei\u0165 V\u00fdro\u010dn\u00e1 spr\u00e1va za rok 2024.\"><\/object><a id=\"wp-block-file--media-43a2566c-5ff6-4412-8bb5-33cf84e9be80\" href=\"https:\/\/www.cdrba.sk\/wp-content\/uploads\/2025\/10\/Vyrocna-sprava-2024.pdf\" target=\"_blank\" rel=\"noreferrer noopener\">V\u00fdro\u010dn\u00e1 spr\u00e1va za rok 2024<\/a><a href=\"https:\/\/www.cdrba.sk\/wp-content\/uploads\/2025\/10\/Vyrocna-sprava-2024.pdf\" class=\"wp-block-file__button wp-element-button\" download aria-describedby=\"wp-block-file--media-43a2566c-5ff6-4412-8bb5-33cf84e9be80\">Stiahnu\u0165<\/a><\/div>\n\n\n\n<div class=\"wp-block-file\" style=\"padding-top:var(--wp--preset--spacing--medium);padding-bottom:var(--wp--preset--spacing--medium)\"><a id=\"wp-block-file--media-120b9f7a-b6b4-42a0-8bef-0d3334a2910f\" href=\"https:\/\/www.cdrba.sk\/wp-content\/uploads\/2025\/10\/Vyrocna-sprava-2023.pdf\" target=\"_blank\" rel=\"noreferrer noopener\">Vyrocn\u00e1 spr\u00e1va za rok 2023<\/a><a href=\"https:\/\/www.cdrba.sk\/wp-content\/uploads\/2025\/10\/Vyrocna-sprava-2023.pdf\" class=\"wp-block-file__button wp-element-button\" download aria-describedby=\"wp-block-file--media-120b9f7a-b6b4-42a0-8bef-0d3334a2910f\">Stiahnu\u0165<\/a><\/div>\n\n\n\n<div class=\"wp-block-file\" style=\"padding-top:var(--wp--preset--spacing--medium);padding-bottom:var(--wp--preset--spacing--medium)\"><a id=\"wp-block-file--media-d9fc8748-9008-492a-bdb5-03c6da59edd9\" href=\"https:\/\/www.cdrba.sk\/wp-content\/uploads\/2024\/10\/vyrocnasprava2022.pdf\" target=\"_blank\" rel=\"noreferrer noopener\">V\u00fdro\u010dn\u00e1 spr\u00e1va za rok 2022<\/a><a href=\"https:\/\/www.cdrba.sk\/wp-content\/uploads\/2024\/10\/vyrocnasprava2022.pdf\" class=\"wp-block-file__button wp-element-button\" download aria-describedby=\"wp-block-file--media-d9fc8748-9008-492a-bdb5-03c6da59edd9\">Stiahnu\u0165<\/a><\/div>\n\n\n\n<div class=\"wp-block-file\" style=\"padding-top:var(--wp--preset--spacing--small);padding-bottom:var(--wp--preset--spacing--small)\"><a id=\"wp-block-file--media-19d23d5b-94c0-4f8c-9dae-9668e113bee5\" href=\"https:\/\/www.cdrba.sk\/wp-content\/uploads\/2024\/10\/vyrocnasprava2021.pdf\" target=\"_blank\" rel=\"noreferrer noopener\">V\u00fdro\u010dn\u00e1 spr\u00e1va za rok 2021<\/a><a href=\"https:\/\/www.cdrba.sk\/wp-content\/uploads\/2024\/10\/vyrocnasprava2021.pdf\" class=\"wp-block-file__button wp-element-button\" download aria-describedby=\"wp-block-file--media-19d23d5b-94c0-4f8c-9dae-9668e113bee5\">Stiahnu\u0165<\/a><\/div>\n\n\n\n<div class=\"wp-block-file\" style=\"padding-top:var(--wp--preset--spacing--small);padding-bottom:var(--wp--preset--spacing--small)\"><a id=\"wp-block-file--media-57a23cd6-81d2-4121-b139-605e98920003\" href=\"https:\/\/www.cdrba.sk\/wp-content\/uploads\/2024\/10\/vyrocnasprava2020.pdf\" target=\"_blank\" rel=\"noreferrer noopener\">V\u00fdro\u010dn\u00e1 spr\u00e1va za rok 2020<\/a><a href=\"https:\/\/www.cdrba.sk\/wp-content\/uploads\/2024\/10\/vyrocnasprava2020.pdf\" class=\"wp-block-file__button wp-element-button\" download aria-describedby=\"wp-block-file--media-57a23cd6-81d2-4121-b139-605e98920003\">Stiahnu\u0165<\/a><\/div>\n\n\n\n<div class=\"wp-block-file\" style=\"padding-top:var(--wp--preset--spacing--small);padding-bottom:var(--wp--preset--spacing--small)\"><a id=\"wp-block-file--media-b9a97ce2-7ec2-49b9-8b51-4153503d3b4e\" href=\"https:\/\/www.cdrba.sk\/wp-content\/uploads\/2024\/10\/vyrocnasprava2019.pdf\" target=\"_blank\" rel=\"noreferrer noopener\">V\u00fdro\u010dn\u00e1 spr\u00e1va za rok 2019<\/a><a href=\"https:\/\/www.cdrba.sk\/wp-content\/uploads\/2024\/10\/vyrocnasprava2019.pdf\" class=\"wp-block-file__button wp-element-button\" download aria-describedby=\"wp-block-file--media-b9a97ce2-7ec2-49b9-8b51-4153503d3b4e\">Stiahnu\u0165<\/a><\/div>\n\n\n\n<div class=\"wp-block-file\" style=\"padding-top:var(--wp--preset--spacing--small);padding-bottom:var(--wp--preset--spacing--small)\"><a id=\"wp-block-file--media-e0adc0c8-424c-47d6-b84d-07d832256470\" href=\"https:\/\/www.cdrba.sk\/wp-content\/uploads\/2024\/10\/vyrocnasprava2018-1.pdf\" target=\"_blank\" rel=\"noreferrer noopener\">V\u00fdro\u010dn\u00e1 spr\u00e1va za rok 2018<\/a><a href=\"https:\/\/www.cdrba.sk\/wp-content\/uploads\/2024\/10\/vyrocnasprava2018-1.pdf\" class=\"wp-block-file__button wp-element-button\" download aria-describedby=\"wp-block-file--media-e0adc0c8-424c-47d6-b84d-07d832256470\">Stiahnu\u0165<\/a><\/div>\n\n\n\n<div class=\"wp-block-file\" style=\"padding-top:var(--wp--preset--spacing--small);padding-bottom:var(--wp--preset--spacing--small)\"><a id=\"wp-block-file--media-fa6b2b07-ccde-4512-a176-da3609b2fb91\" href=\"https:\/\/www.cdrba.sk\/wp-content\/uploads\/2024\/10\/vyrocnasprava2017.pdf\" target=\"_blank\" rel=\"noreferrer noopener\">V\u00fdro\u010dn\u00e1 spr\u00e1va za rok 2017<\/a><a href=\"https:\/\/www.cdrba.sk\/wp-content\/uploads\/2024\/10\/vyrocnasprava2017.pdf\" class=\"wp-block-file__button wp-element-button\" download aria-describedby=\"wp-block-file--media-fa6b2b07-ccde-4512-a176-da3609b2fb91\">Stiahnu\u0165<\/a><\/div>\n\n\n\n<div class=\"wp-block-file\" style=\"padding-top:var(--wp--preset--spacing--small);padding-bottom:var(--wp--preset--spacing--small)\"><a id=\"wp-block-file--media-1c83a00a-2cb6-4f4f-a5d4-e78072d173aa\" href=\"https:\/\/www.cdrba.sk\/wp-content\/uploads\/2024\/10\/vyrocnasprava2016.pdf\" target=\"_blank\" rel=\"noreferrer noopener\">V\u00fdro\u010dn\u00e1 spr\u00e1va za rok 2016<\/a><a href=\"https:\/\/www.cdrba.sk\/wp-content\/uploads\/2024\/10\/vyrocnasprava2016.pdf\" class=\"wp-block-file__button wp-element-button\" download aria-describedby=\"wp-block-file--media-1c83a00a-2cb6-4f4f-a5d4-e78072d173aa\">Stiahnu\u0165<\/a><\/div>\n","protected":false},"excerpt":{"rendered":"<p>Arch\u00edv v\u00fdro\u010dn\u00fdch spr\u00e1v na stiahnutie:<\/p>\n","protected":false},"author":1,"featured_media":141,"parent":0,"menu_order":0,"comment_status":"closed","ping_status":"closed","template":"","meta":{"footnotes":""},"class_list":["post-62","page","type-page","status-publish","has-post-thumbnail","hentry"],"_links":{"self":[{"href":"https:\/\/www.cdrba.sk\/index.php?rest_route=\/wp\/v2\/pages\/62"}],"collection":[{"href":"https:\/\/www.cdrba.sk\/index.php?rest_route=\/wp\/v2\/pages"}],"about":[{"href":"https:\/\/www.cdrba.sk\/index.php?rest_route=\/wp\/v2\/types\/page"}],"author":[{"embeddable":true,"href":"https:\/\/www.cdrba.sk\/index.php?rest_route=\/wp\/v2\/users\/1"}],"replies":[{"embeddable":true,"href":"https:\/\/www.cdrba.sk\/index.php?rest_route=%2Fwp%2Fv2%2Fcomments&post=62"}],"version-history":[{"count":6,"href":"https:\/\/www.cdrba.sk\/index.php?rest_route=\/wp\/v2\/pages\/62\/revisions"}],"predecessor-version":[{"id":268,"href":"https:\/\/www.cdrba.sk\/index.php?rest_route=\/wp\/v2\/pages\/62\/revisions\/268"}],"wp:featuredmedia":[{"embeddable":true,"href":"https:\/\/www.cdrba.sk\/index.php?rest_route=\/wp\/v2\/media\/141"}],"wp:attachment":[{"href":"https:\/\/www.cdrba.sk\/index.php?rest_route=%2Fwp%2Fv2%2Fmedia&parent=62"}],"curies":[{"name":"wp","href":"https:\/\/api.w.org\/{rel}","templated":true}]}}