{"id":52,"date":"2024-10-01T15:56:15","date_gmt":"2024-10-01T13:56:15","guid":{"rendered":"https:\/\/www.cdrba.sk\/?page_id=52"},"modified":"2024-10-16T16:20:52","modified_gmt":"2024-10-16T14:20:52","slug":"o-nas","status":"publish","type":"page","link":"https:\/\/www.cdrba.sk\/?page_id=52","title":{"rendered":"O n\u00e1s"},"content":{"rendered":"\n<p style=\"padding-top:var(--wp--preset--spacing--small);padding-bottom:var(--wp--preset--spacing--small)\">Cie\u013eom Centra pre deti a rodiny Bratislava \u2013 U\u010dite\u013esk\u00e1 je pom\u00f4c\u0165 die\u0165a\u0165u a rodine v \u010dase kr\u00edzy. V pr\u00edpade ne\u00faspechu san\u00e1cie biologickej rodiny centrum akt\u00edvne pom\u00e1ha pri h\u013eadan\u00ed a umiestnen\u00ed die\u0165a\u0165a do n\u00e1hradnej rodiny.<\/p>\n\n\n\n<p style=\"padding-top:var(--wp--preset--spacing--small);padding-bottom:var(--wp--preset--spacing--small)\">Centrum pre deti a rodiny Bratislava &#8211; U\u010dite\u013esk\u00e1 disponuje budovou v lokalite Podunajsk\u00e9 Biskupice. K budove prin\u00e1le\u017e\u00ed rozsiahly are\u00e1l, o ktor\u00fd sa staraj\u00fa deti v r\u00e1mci ergoterapie (pestovanie kvetov, zeleniny a ovocia, z\u00e1hradn\u00edcke pr\u00e1ce). S\u00fa\u010das\u0165ou je aj multifunk\u010dn\u00e9 ihrisko (volejbal\/basketbal\/futbal) a in-line dr\u00e1ha.<\/p>\n\n\n\n<p style=\"padding-top:var(--wp--preset--spacing--small);padding-bottom:var(--wp--preset--spacing--small)\">V budove sa nach\u00e1dzaj\u00fa <strong>\u0161tyri samostatne usporiadan\u00e9 skupiny<\/strong>, byty (s 8-9 de\u0165mi) s ob\u00fdva\u010dkou, kuchy\u0148ou, detsk\u00fdmi izbami a k\u00fape\u013e\u0148ou s toaletami. Ka\u017ed\u00fd byt m\u00e1 individu\u00e1lny v\u00fdchovn\u00fd \u0161t\u00fdl, vlastn\u00e9 pravidl\u00e1, re\u017eim d\u0148a, samostatn\u00e9 hospod\u00e1renie a stravovanie, stabiln\u00fd t\u00edm vychov\u00e1vate\u013eov.<\/p>\n\n\n\n<p style=\"padding-top:var(--wp--preset--spacing--small);padding-bottom:var(--wp--preset--spacing--small)\">S\u00fa\u010das\u0165ou budovy je aj samostatn\u00fd vchod do dvojizbov\u00e9ho bytu <strong>mlad\u00fdch dospel\u00fdch<\/strong>. <\/p>\n\n\n\n<p><\/p>\n\n\n\n<p style=\"padding-top:var(--wp--preset--spacing--small);padding-bottom:var(--wp--preset--spacing--small)\"><strong>Odborn\u00fd t\u00edm<\/strong> m\u00e1 priamy kontakt s de\u0165mi, m\u00e1 mo\u017enos\u0165 rie\u0161i\u0165 v\u00fdchovn\u00e9 situ\u00e1cie v r\u00e1mci kr\u00edzovej intervencie, taktie\u017e pracova\u0165 s die\u0165a\u0165om aj jeho rodi\u010dmi (tr\u00e9ning rodi\u010dovsk\u00fdch zru\u010dnost\u00ed, efekt\u00edvna komunik\u00e1cia, zap\u00e1janie do starostlivosti o die\u0165a). Z\u00e1kladn\u00e1 \u0161kola, ktor\u00fa deti nav\u0161tevuj\u00fa, je v bl\u00edzkosti centra. Poskytuje im individu\u00e1lny pr\u00edstup, d\u00e1va mo\u017enos\u0165 za\u017ei\u0165 \u00faspech, posil\u0148uje pozit\u00edvny obraz o sebe ako i sebahodnotenie. <\/p>\n\n\n\n<p><\/p>\n\n\n\n<p style=\"padding-top:var(--wp--preset--spacing--small);padding-bottom:var(--wp--preset--spacing--small)\">Centrum disponuje piatimi profesion\u00e1lnymi n\u00e1hradn\u00fdmi rodinami, ktor\u00e9 zabezpe\u010duj\u00fa starostlivos\u0165 o 1-2 deti vo svojom dom\u00e1com prostred\u00ed. Slu\u017eby centra boli od 01.01.2019 roz\u0161\u00edren\u00e9 o poskytovanie ambulantnej a ter\u00e9nnej starostlivosti o rodiny. Viac podrobnost\u00ed sa do\u010d\u00edtate v \u010dasti <a href=\"https:\/\/www.cdrba.sk\/?page_id=68\" data-type=\"page\" data-id=\"68\">Program centra<\/a>.<\/p>\n\n\n\n<p><\/p>\n\n\n\n<p><strong>Hodnoty Centra pre deti a rodiny Bratislava &#8211; U\u010dite\u013esk\u00e1<\/strong><\/p>\n\n\n\n<figure class=\"wp-block-image aligncenter size-full\"><img decoding=\"async\" width=\"378\" height=\"371\" src=\"https:\/\/www.cdrba.sk\/wp-content\/uploads\/2024\/09\/hodnoty.png\" alt=\"\" class=\"wp-image-44\" srcset=\"https:\/\/www.cdrba.sk\/wp-content\/uploads\/2024\/09\/hodnoty.png 378w, https:\/\/www.cdrba.sk\/wp-content\/uploads\/2024\/09\/hodnoty-300x294.png 300w\" sizes=\"(max-width: 378px) 100vw, 378px\" \/><\/figure>\n\n\n\n<p><strong>Filozofia zariadenia<\/strong><\/p>\n\n\n\n<p>Akt\u00edvne vyu\u017e\u00edvanie vo\u013en\u00e9ho \u010dasu det\u00ed<br>V\u0161estrann\u00e9 rozv\u00edjanie osobnosti det\u00ed<br>Kvalita v\u00fdchovy a vzdel\u00e1vania<br>Pr\u00e1ca s rodinou<\/p>\n\n\n\n<p><\/p>\n\n\n\n<p style=\"padding-top:var(--wp--preset--spacing--small);padding-bottom:var(--wp--preset--spacing--small)\"><strong>Strat\u00e9gia Centra pre deti a rodiny Bratislava &#8211; U\u010dite\u013esk\u00e1<\/strong><\/p>\n\n\n\n<p><\/p>\n\n\n\n<p><strong>individu\u00e1lny pr\u00edstup<\/strong> &#8211; ponuka vz\u0165ahov\u00fdch os\u00f4b a bezpe\u010dn\u00e9ho vzorca vz\u0165ahovej v\u00e4zby, podpora die\u0165a\u0165a pri rozhodovan\u00ed sa v pre neho d\u00f4le\u017eit\u00fdch situ\u00e1ci\u00e1ch a ot\u00e1zkach (v\u00fdber strednej \u0161koly, profesijn\u00e9 smerovanie, n\u00e1v\u0161tevn\u00e9 pobyty v rodine, rovesn\u00edcke vz\u0165ahy), <\/p>\n\n\n\n<p><strong>komunitn\u00fd syst\u00e9m fungovania<\/strong> \u2013 ka\u017ed\u00fd byt funguje samostatne \u2013 m\u00e1 svoje ritu\u00e1ly, trad\u00edcie, uplat\u0148uje vlastn\u00fd v\u00fdchovn\u00fd \u0161t\u00fdl, stabilita, <\/p>\n\n\n\n<p><strong>profesionalita zamestnancov<\/strong> \u2013 stabilita pracovn\u00fdch t\u00edmov, poskytovanie syst\u00e9mu vzdel\u00e1vania, superv\u00edzie, udr\u017eanie kvality pr\u00e1ce odborn\u00fdch a pedagogick\u00fdch zamestnancov, kvalita poskytovan\u00fdch slu\u017eieb, <\/p>\n\n\n\n<p><strong>spolu\u00fa\u010das\u0165 biologick\u00fdch rodi\u010dov na starostlivosti o die\u0165a<\/strong> \u2013 rodi\u010d sa spolupodie\u013ea na zabezpe\u010dovan\u00ed zdravotnej starostlivosti, rie\u0161en\u00ed v\u00fdchovn\u00fdch probl\u00e9mov a \u0161kolsk\u00fdch v\u00fdsledkov die\u0165a\u0165a, <\/p>\n\n\n\n<p><strong>kvalitn\u00fd proces osamostat\u0148ovania sa mlad\u00fdch dospel\u00fdch<\/strong> -\u00faspe\u0161n\u00e9 za\u010dlenenie mlad\u00fdch dospel\u00fdch do spolo\u010dnosti.<\/p>\n","protected":false},"excerpt":{"rendered":"<p>Cie\u013eom Centra pre deti a rodiny Bratislava \u2013 U\u010dite\u013esk\u00e1 je pom\u00f4c\u0165 die\u0165a\u0165u a rodine v \u010dase kr\u00edzy. V pr\u00edpade ne\u00faspechu san\u00e1cie biologickej rodiny centrum akt\u00edvne pom\u00e1ha pri h\u013eadan\u00ed a umiestnen\u00ed die\u0165a\u0165a do n\u00e1hradnej rodiny. Centrum pre deti a rodiny Bratislava &#8211; U\u010dite\u013esk\u00e1 disponuje budovou v lokalite Podunajsk\u00e9 Biskupice. K budove prin\u00e1le\u017e\u00ed rozsiahly are\u00e1l, o ktor\u00fd [&hellip;]<\/p>\n","protected":false},"author":1,"featured_media":117,"parent":0,"menu_order":0,"comment_status":"closed","ping_status":"closed","template":"","meta":{"footnotes":""},"class_list":["post-52","page","type-page","status-publish","has-post-thumbnail","hentry"],"_links":{"self":[{"href":"https:\/\/www.cdrba.sk\/index.php?rest_route=\/wp\/v2\/pages\/52"}],"collection":[{"href":"https:\/\/www.cdrba.sk\/index.php?rest_route=\/wp\/v2\/pages"}],"about":[{"href":"https:\/\/www.cdrba.sk\/index.php?rest_route=\/wp\/v2\/types\/page"}],"author":[{"embeddable":true,"href":"https:\/\/www.cdrba.sk\/index.php?rest_route=\/wp\/v2\/users\/1"}],"replies":[{"embeddable":true,"href":"https:\/\/www.cdrba.sk\/index.php?rest_route=%2Fwp%2Fv2%2Fcomments&post=52"}],"version-history":[{"count":6,"href":"https:\/\/www.cdrba.sk\/index.php?rest_route=\/wp\/v2\/pages\/52\/revisions"}],"predecessor-version":[{"id":219,"href":"https:\/\/www.cdrba.sk\/index.php?rest_route=\/wp\/v2\/pages\/52\/revisions\/219"}],"wp:featuredmedia":[{"embeddable":true,"href":"https:\/\/www.cdrba.sk\/index.php?rest_route=\/wp\/v2\/media\/117"}],"wp:attachment":[{"href":"https:\/\/www.cdrba.sk\/index.php?rest_route=%2Fwp%2Fv2%2Fmedia&parent=52"}],"curies":[{"name":"wp","href":"https:\/\/api.w.org\/{rel}","templated":true}]}}