{"id":50,"date":"2024-10-01T15:55:03","date_gmt":"2024-10-01T13:55:03","guid":{"rendered":"https:\/\/www.cdrba.sk\/?page_id=50"},"modified":"2024-10-08T13:04:15","modified_gmt":"2024-10-08T11:04:15","slug":"historia","status":"publish","type":"page","link":"https:\/\/www.cdrba.sk\/?page_id=50","title":{"rendered":"Hist\u00f3ria"},"content":{"rendered":"\n<p>Detsk\u00fd domov Bratislava vznikol v roku 1996 transform\u00e1ciou klasick\u00e9ho intern\u00e1tneho typu detsk\u00e9ho domova Kr\u00e1sna H\u00f4rka. Zmenou lokality &#8220; z bratislavsk\u00fdch Kram\u00e1rov do Podunajsk\u00fdch Biskup\u00edc &#8220; zmenil aj organiza\u010dn\u00fa \u0161trukt\u00faru aj sp\u00f4sob pr\u00e1ce s de\u0165mi. Vznikol jeden z prv\u00fdch detsk\u00fdch domovov s rodinn\u00fdm typom v\u00fdchovy. Snahou n\u00e1\u0161ho detsk\u00e9ho domova je poskytn\u00fa\u0165 die\u0165a\u0165u tak\u00e9 prostredie, v ktorom m\u00f4\u017ee z\u00edska\u0165 a osvoji\u0165 si maximum pracovn\u00fdch a soci\u00e1lnych zru\u010dnost\u00ed ak\u00e9 z\u00edskava die\u0165a vyrastaj\u00face v prirodzenom rodinnom prostred\u00ed.<\/p>\n\n\n\n<p><\/p>\n\n\n\n<p>V\u00fdznamn\u00fdmi osobnos\u0165ami formuj\u00facimi filozofiu zariadenia boli PaedDr. Eva Mojtov\u00e1, ktor\u00e1 bola vo funkcii riadite\u013ea od 16.2.1995 do 30.9.2013 a PaedDr. J\u00falia Kraj\u0148\u00e1kov\u00e1, vo funkcii z\u00e1stupcu riadite\u013ea- lie\u010debn\u00e9ho pedag\u00f3ga, ktor\u00fdch iniciat\u00edva a odborn\u00e1 erudovanos\u0165 v\u00fdznamne ovplyvnila tv\u00e1r a fungovanie detsk\u00e9ho domova.<\/p>\n\n\n\n<p><\/p>\n\n\n\n<p>Od 01.01.2019 Detsk\u00fd domov Bratislava bol v zmysle z\u00e1kona premenovan\u00fd na Centrum pre deti a rodiny Bratislava \u2013 U\u010dite\u013esk\u00e1.<\/p>\n","protected":false},"excerpt":{"rendered":"<p>Detsk\u00fd domov Bratislava vznikol v roku 1996 transform\u00e1ciou klasick\u00e9ho intern\u00e1tneho typu detsk\u00e9ho domova Kr\u00e1sna H\u00f4rka. Zmenou lokality &#8220; z bratislavsk\u00fdch Kram\u00e1rov do Podunajsk\u00fdch Biskup\u00edc &#8220; zmenil aj organiza\u010dn\u00fa \u0161trukt\u00faru aj sp\u00f4sob pr\u00e1ce s de\u0165mi. Vznikol jeden z prv\u00fdch detsk\u00fdch domovov s rodinn\u00fdm typom v\u00fdchovy. Snahou n\u00e1\u0161ho detsk\u00e9ho domova je poskytn\u00fa\u0165 die\u0165a\u0165u tak\u00e9 prostredie, v ktorom [&hellip;]<\/p>\n","protected":false},"author":1,"featured_media":70,"parent":0,"menu_order":0,"comment_status":"closed","ping_status":"closed","template":"","meta":{"footnotes":""},"class_list":["post-50","page","type-page","status-publish","has-post-thumbnail","hentry"],"_links":{"self":[{"href":"https:\/\/www.cdrba.sk\/index.php?rest_route=\/wp\/v2\/pages\/50"}],"collection":[{"href":"https:\/\/www.cdrba.sk\/index.php?rest_route=\/wp\/v2\/pages"}],"about":[{"href":"https:\/\/www.cdrba.sk\/index.php?rest_route=\/wp\/v2\/types\/page"}],"author":[{"embeddable":true,"href":"https:\/\/www.cdrba.sk\/index.php?rest_route=\/wp\/v2\/users\/1"}],"replies":[{"embeddable":true,"href":"https:\/\/www.cdrba.sk\/index.php?rest_route=%2Fwp%2Fv2%2Fcomments&post=50"}],"version-history":[{"count":3,"href":"https:\/\/www.cdrba.sk\/index.php?rest_route=\/wp\/v2\/pages\/50\/revisions"}],"predecessor-version":[{"id":120,"href":"https:\/\/www.cdrba.sk\/index.php?rest_route=\/wp\/v2\/pages\/50\/revisions\/120"}],"wp:featuredmedia":[{"embeddable":true,"href":"https:\/\/www.cdrba.sk\/index.php?rest_route=\/wp\/v2\/media\/70"}],"wp:attachment":[{"href":"https:\/\/www.cdrba.sk\/index.php?rest_route=%2Fwp%2Fv2%2Fmedia&parent=50"}],"curies":[{"name":"wp","href":"https:\/\/api.w.org\/{rel}","templated":true}]}}