{"id":274,"date":"2026-02-26T11:40:48","date_gmt":"2026-02-26T10:40:48","guid":{"rendered":"https:\/\/www.cdrba.sk\/?page_id=274"},"modified":"2026-02-26T11:40:48","modified_gmt":"2026-02-26T10:40:48","slug":"np-rozvoj-vykonu-opatreni","status":"publish","type":"page","link":"https:\/\/www.cdrba.sk\/?page_id=274","title":{"rendered":"NP Rozvoj v\u00fdkonu opatren\u00ed"},"content":{"rendered":"\n<figure class=\"wp-block-image size-large\"><img decoding=\"async\" width=\"727\" height=\"1024\" src=\"https:\/\/www.cdrba.sk\/wp-content\/uploads\/2026\/02\/NP-rozvoj_vykonu_opatreni-727x1024.png\" alt=\"\" class=\"wp-image-273\" srcset=\"https:\/\/www.cdrba.sk\/wp-content\/uploads\/2026\/02\/NP-rozvoj_vykonu_opatreni-727x1024.png 727w, https:\/\/www.cdrba.sk\/wp-content\/uploads\/2026\/02\/NP-rozvoj_vykonu_opatreni-213x300.png 213w, https:\/\/www.cdrba.sk\/wp-content\/uploads\/2026\/02\/NP-rozvoj_vykonu_opatreni-768x1082.png 768w, https:\/\/www.cdrba.sk\/wp-content\/uploads\/2026\/02\/NP-rozvoj_vykonu_opatreni-1090x1536.png 1090w, https:\/\/www.cdrba.sk\/wp-content\/uploads\/2026\/02\/NP-rozvoj_vykonu_opatreni.png 1330w\" sizes=\"(max-width: 727px) 100vw, 727px\" \/><\/figure>\n\n\n\n<p><\/p>\n\n\n\n<p><strong>Cie\u013eom n\u00e1rodn\u00e9ho projektu (\u201eNP\u201c)<\/strong> je podpori\u0165 kontinuitu procesu dein\u0161titucionaliz\u00e1cie syst\u00e9mu n\u00e1hradnej starostlivosti v Slovenskej republike vr\u00e1tane podpory odbornej pomoci de\u0165om v n\u00fadzi (z poh\u013eadu SPOD a SK det\u00ed v ohrozen\u00ed). NP je realizovan\u00fd na celom \u00fazem\u00ed SR. <\/p>\n\n\n\n<p><\/p>\n\n\n\n<p>Prostredn\u00edctvom NP je podporen\u00e1 kontinuita procesu dein\u0161titucionaliz\u00e1cie n\u00e1hradnej starostlivosti skvalitnen\u00edm v\u00fdkonu opatren\u00ed na predch\u00e1dzanie umiest\u0148ovaniu det\u00ed v zariadeniach (sie\u0165 odbornej pomoci de\u0165om, rodi\u010dom a (n\u00e1hradn\u00fdm) rodin\u00e1m na dobrovo\u013enej b\u00e1ze) a opatren\u00ed na zabezpe\u010denie vhodn\u00e9ho n\u00e1hradn\u00e9ho prostredia de\u0165om a podmienok na n\u00e1vrat die\u0165a\u0165a do rodinn\u00e9ho prostredia (roz\u0161\u00edrenie a skvalitnenie met\u00f3d pr\u00e1ce s die\u0165a\u0165om umiestnen\u00fdm v zariaden\u00ed a jeho rodinou).<\/p>\n\n\n\n<p><\/p>\n\n\n\n<p><strong>Cie\u013eov\u00fdmi skupinami NP<\/strong> s\u00fa deti umiestnen\u00e9 v zariadeniach SPOD a SK, deti v n\u00fadzi a FO v nepriaznivej soci\u00e1lnej situ\u00e1cii.<\/p>\n\n\n\n<p><\/p>\n\n\n\n<p>Forma vykon\u00e1vania opatren\u00ed pod\u013ea \u00a7 45 ods. 4 z\u00e1kona:<\/p>\n\n\n\n<p><\/p>\n\n\n\n<p><strong>Centrum vykon\u00e1va opatrenia<\/strong><\/p>\n\n\n\n<p><\/p>\n\n\n\n<ul class=\"wp-block-list\">\n<li><strong>pobytovou formou<\/strong><\/li>\n\n\n\n<li><strong>ambulantnou\/ter\u00e9nnou formou<\/strong><\/li>\n<\/ul>\n\n\n\n<p>Opatrenia ambulantnou a ter\u00e9nnou formou vykon\u00e1vame: <\/p>\n\n\n\n<p><strong>1. na z\u00e1klade rozhodnutia s\u00fadu alebo org\u00e1nu SPODaSK<\/strong>, ktor\u00fdmi sa ulo\u017e\u00ed die\u0165a\u0165u, rodi\u010dovi alebo osobe, ktor\u00e1 sa osobne star\u00e1 o die\u0165a povinnos\u0165 z\u00fa\u010dastni\u0165 sa na v\u00fdchovnom programe alebo soci\u00e1lnom programe,<br><strong>2. na z\u00e1klade rozhodnutia s\u00fadu<\/strong> , ktor\u00fdmi sa ulo\u017e\u00ed rodi\u010dom die\u0165a\u0165a, osob\u00e1m, ktor\u00fdm bolo malolet\u00e9 die\u0165a zveren\u00e9 do n\u00e1hradnej starostlivosti, bud\u00facim osvojite\u013eom, ktor\u00fdm bolo malolet\u00e9 die\u0165a zveren\u00e9 do starostlivosti, osvojite\u013eom alebo poru\u010dn\u00edkovi, ktor\u00fd sa o malolet\u00e9 die\u0165a star\u00e1 povinnos\u0165 spolupracova\u0165 s centrom, pr\u00edpadne im ulo\u017e\u00ed in\u00fa povinnos\u0165,<br><strong>3. na z\u00e1klade odpor\u00fa\u010dania org\u00e1nu SPODaSK<\/strong>, ktor\u00fdm sa pon\u00fakne die\u0165a\u0165u, rodi\u010dovi alebo osobe, ktor\u00e1 sa osobne star\u00e1 o die\u0165a, odborn\u00e1 pomoc prostredn\u00edctvom psychologick\u00fdch programov a soci\u00e1lnych programov v s\u00falade s ustanoveniami z\u00e1kona \u010d. 305\/2005.<\/p>\n\n\n\n<p><br><strong>Odborn\u00fd t\u00edm pobytovej formy v\u00fdkonu opatren\u00ed SPODaSK<\/strong>: V r\u00e1mci uveden\u00e9ho projektu bol v Centre pre deti a rodiny Tren\u010d\u00edn zamestnan\u00fd psychol\u00f3g.<\/p>\n\n\n\n<p><\/p>\n\n\n\n<p><strong>T\u00edm A\/T v\u00fdkonu opatren\u00ed SPODaSK<\/strong>: V r\u00e1mci uveden\u00e9ho projektu bol v Centre pre deti a rodiny Tren\u010d\u00edn zamestnan\u00fd soci\u00e1lny pracovn\u00edk, ktor\u00fd zastre\u0161uje poz\u00edciu koordin\u00e1tora stretnut\u00ed rodinn\u00e9ho kruhu. Centrum realizuje opatrenia SPODaSK ter\u00e9nnou formou prostredn\u00edctvom Stretnutia rodinn\u00e9ho kruhu (\u010falej iba SRK), na z\u00e1klade odpor\u00fa\u010dania \u00faradu Soci\u00e1lnopr\u00e1vnej ochrany det\u00ed a soci\u00e1lnej kurately (\u010falej iba SPODaSK), ale aj v r\u00e1mci vykon\u00e1vania opatren\u00ed SPODaSK pre det\u00ed pobytovou formou (pre deti umiestnen\u00e9 v CDR) na z\u00e1klade podnetu CDR.<\/p>\n\n\n\n<p><\/p>\n\n\n\n<p>Viac inform\u00e1ci\u00ed o NP Rozvoj v\u00fdkonu opatren\u00ed soci\u00e1lnopr\u00e1vnej ochrany det\u00ed a soci\u00e1lnej kurately II. dostupn\u00fdch na:<\/p>\n\n\n\n<p><a href=\"https:\/\/www.upsvr.gov.sk\/buxus\/docs\/download\/opis_NP_RVO_SPOD_a_SK_2.pdf\">N\u00e1rodn\u00fd projekt Rozvoj v\u00fdkonu opatren\u00ed soci\u00e1lnopr\u00e1vnej ochrany det\u00ed a soci\u00e1lnej kurately II. > \u00daPSVaR<\/a><\/p>\n\n\n\n<p><\/p>\n\n\n\n<p>Vyhl\u00e1\u0161ka 103\/2018 Z.z<\/p>\n\n\n\n<p>Z\u00e1kon 305\/2005 Z.z<\/p>\n\n\n\n<p><\/p>\n","protected":false},"excerpt":{"rendered":"<p>Cie\u013eom n\u00e1rodn\u00e9ho projektu (\u201eNP\u201c) je podpori\u0165 kontinuitu procesu dein\u0161titucionaliz\u00e1cie syst\u00e9mu n\u00e1hradnej starostlivosti v Slovenskej republike vr\u00e1tane podpory odbornej pomoci de\u0165om v n\u00fadzi (z poh\u013eadu SPOD a SK det\u00ed v ohrozen\u00ed). NP je realizovan\u00fd na celom \u00fazem\u00ed SR. Prostredn\u00edctvom NP je podporen\u00e1 kontinuita procesu dein\u0161titucionaliz\u00e1cie n\u00e1hradnej starostlivosti skvalitnen\u00edm v\u00fdkonu opatren\u00ed na predch\u00e1dzanie umiest\u0148ovaniu det\u00ed v zariadeniach [&hellip;]<\/p>\n","protected":false},"author":1,"featured_media":0,"parent":0,"menu_order":0,"comment_status":"closed","ping_status":"closed","template":"","meta":{"footnotes":""},"class_list":["post-274","page","type-page","status-publish","hentry"],"_links":{"self":[{"href":"https:\/\/www.cdrba.sk\/index.php?rest_route=\/wp\/v2\/pages\/274"}],"collection":[{"href":"https:\/\/www.cdrba.sk\/index.php?rest_route=\/wp\/v2\/pages"}],"about":[{"href":"https:\/\/www.cdrba.sk\/index.php?rest_route=\/wp\/v2\/types\/page"}],"author":[{"embeddable":true,"href":"https:\/\/www.cdrba.sk\/index.php?rest_route=\/wp\/v2\/users\/1"}],"replies":[{"embeddable":true,"href":"https:\/\/www.cdrba.sk\/index.php?rest_route=%2Fwp%2Fv2%2Fcomments&post=274"}],"version-history":[{"count":1,"href":"https:\/\/www.cdrba.sk\/index.php?rest_route=\/wp\/v2\/pages\/274\/revisions"}],"predecessor-version":[{"id":275,"href":"https:\/\/www.cdrba.sk\/index.php?rest_route=\/wp\/v2\/pages\/274\/revisions\/275"}],"wp:attachment":[{"href":"https:\/\/www.cdrba.sk\/index.php?rest_route=%2Fwp%2Fv2%2Fmedia&parent=274"}],"curies":[{"name":"wp","href":"https:\/\/api.w.org\/{rel}","templated":true}]}}